{"id":127,"date":"2024-07-30T15:52:55","date_gmt":"2024-07-30T13:52:55","guid":{"rendered":"http:\/\/kgbhchd.cluster027.hosting.ovh.net\/?page_id=127"},"modified":"2024-07-30T16:52:11","modified_gmt":"2024-07-30T14:52:11","slug":"mentions-legales","status":"publish","type":"page","link":"https:\/\/hippharmony.fr\/index.php\/mentions-legales\/","title":{"rendered":"Mentions L\u00e9gales"},"content":{"rendered":"\t\t<div data-elementor-type=\"wp-page\" data-elementor-id=\"127\" class=\"elementor elementor-127\">\n\t\t\t\t<div class=\"elementor-element elementor-element-2f7328e e-flex e-con-boxed e-con e-parent\" data-id=\"2f7328e\" data-element_type=\"container\" data-e-type=\"container\">\n\t\t\t\t\t<div class=\"e-con-inner\">\n\t\t\t\t<div class=\"elementor-element elementor-element-849809a elementor-widget elementor-widget-spacer\" data-id=\"849809a\" data-element_type=\"widget\" data-e-type=\"widget\" data-widget_type=\"spacer.default\">\n\t\t\t\t<div class=\"elementor-widget-container\">\n\t\t\t\t\t\t\t<div class=\"elementor-spacer\">\n\t\t\t<div class=\"elementor-spacer-inner\"><\/div>\n\t\t<\/div>\n\t\t\t\t\t\t<\/div>\n\t\t\t\t<\/div>\n\t\t\t\t<div class=\"elementor-element elementor-element-a888d3a elementor-widget elementor-widget-heading\" data-id=\"a888d3a\" data-element_type=\"widget\" data-e-type=\"widget\" data-widget_type=\"heading.default\">\n\t\t\t\t<div class=\"elementor-widget-container\">\n\t\t\t\t\t<h3 class=\"elementor-heading-title elementor-size-default\">Nos Mentions L\u00e9gales<\/h3>\t\t\t\t<\/div>\n\t\t\t\t<\/div>\n\t\t\t\t<div class=\"elementor-element elementor-element-018f09e elementor-widget elementor-widget-text-editor\" data-id=\"018f09e\" data-element_type=\"widget\" data-e-type=\"widget\" data-widget_type=\"text-editor.default\">\n\t\t\t\t<div class=\"elementor-widget-container\">\n\t\t\t\t\t\t\t\t\t<h2>\u00c9diteur du Site<\/h2><p>Nom de la soci\u00e9t\u00e9 : STEMA-FOUJOLS<br \/>Forme juridique : SARL Unipersonnelle<br \/>Capital social : 25 900,00\u20ac<br \/>Si\u00e8ge social : 662 Rue des Jonch\u00e8res, 69730 Genay<br \/>Immatriculation : Lyon B 412 782 344<br \/>Num\u00e9ro de TVA intracommunautaire : FR36412782344<br \/>T\u00e9l\u00e9phone : 04 72 65 34 25<br \/>Email : smargall@stemassurances.com<\/p><h2>Responsable de la Publication<\/h2><p>Nom du responsable : St\u00e9phane Margall<\/p><h2>H\u00e9bergement du Site<\/h2><p>Nom de l&rsquo;h\u00e9bergeur : OVH<br \/>Adresse de l&rsquo;h\u00e9bergeur : 2 rue Kellermann, 59100 Roubaix, France<br \/>T\u00e9l\u00e9phone : +33 9 72 10 10 07<\/p><h2>Propri\u00e9t\u00e9 Intellectuelle<\/h2><p>Le contenu du site, incluant, de fa\u00e7on non limitative, les graphismes, images, textes, vid\u00e9os, animations, sons, logos, gifs et ic\u00f4nes ainsi que leur mise en forme sont la propri\u00e9t\u00e9 exclusive de STEMA-FOUJOLS \u00a0\u00e0 l&rsquo;exception des marques, logos ou contenus appartenant \u00e0 d&rsquo;autres soci\u00e9t\u00e9s partenaires ou auteurs.<\/p><p>Toute reproduction, distribution, modification, adaptation, retransmission ou publication, m\u00eame partielle, de ces diff\u00e9rents \u00e9l\u00e9ments est strictement interdite sans l&rsquo;accord expr\u00e8s par \u00e9crit de STEMA-FOUJOLS. Cette repr\u00e9sentation ou reproduction, par quelque proc\u00e9d\u00e9 que ce soit, constitue une contrefa\u00e7on sanctionn\u00e9e par les articles L.335-2 et suivants du Code de la propri\u00e9t\u00e9 intellectuelle. Le non-respect de cette interdiction constitue une contrefa\u00e7on pouvant engager la responsabilit\u00e9 civile et p\u00e9nale du contrefacteur. En outre, les propri\u00e9taires des contenus copi\u00e9s pourraient intenter une action en justice \u00e0 votre encontre.<\/p><h2>Donn\u00e9es Personnelles<\/h2><p>Conform\u00e9ment \u00e0 la loi \u00ab Informatique et Libert\u00e9s \u00bb du 6 janvier 1978 modifi\u00e9e, vous disposez d&rsquo;un droit d&rsquo;acc\u00e8s, de rectification, de modification et de suppression des donn\u00e9es vous concernant. Vous pouvez exercer ce droit en envoyant un courrier \u00e0 l&rsquo;adresse suivante :<\/p><p>STEMA-FOUJOLS<br \/>662 Rue des Jonch\u00e8res, 69730 Genay<br \/>ou par email \u00e0 : smargall@stemassurances.com<\/p><h2>Cookies<\/h2><p>Le site HippHarmony peut-\u00eatre amen\u00e9 \u00e0 vous demander l\u2019acceptation des cookies pour des besoins de statistiques et d&rsquo;affichage. Un cookie est une information d\u00e9pos\u00e9e sur votre disque dur par le serveur du site que vous visitez. Il contient plusieurs donn\u00e9es qui sont stock\u00e9es sur votre ordinateur dans un simple fichier texte auquel un serveur acc\u00e8de pour lire et enregistrer des informations.<\/p><h2>Liens Hypertextes<\/h2><p>Les liens hypertextes pr\u00e9sents sur le site internet HippHarmony peuvent renvoyer vers d&rsquo;autres sites internet ou d&rsquo;autres ressources disponibles sur Internet. STEMA-FOUJOLS ne dispose d&rsquo;aucun moyen pour contr\u00f4ler les sites en connexion avec ses sites internet. STEMA-FOUJOLS ne r\u00e9pond pas de la disponibilit\u00e9 de tels sites et sources externes, ni ne la garantit. Elle ne peut \u00eatre tenue pour responsable de tout dommage, de quelque nature que ce soit, r\u00e9sultant du contenu de ces sites ou sources externes.<\/p><h2>Litiges<\/h2><p>Les pr\u00e9sentes conditions du site HippHarmony sont r\u00e9gies par les lois fran\u00e7aises et toute contestation ou litiges qui pourraient na\u00eetre de l&rsquo;interpr\u00e9tation ou de l&rsquo;ex\u00e9cution de celles-ci seront de la comp\u00e9tence exclusive des tribunaux dont d\u00e9pend le si\u00e8ge social de la soci\u00e9t\u00e9. La langue de r\u00e9f\u00e9rence, pour le r\u00e8glement de contentieux \u00e9ventuels, est le fran\u00e7ais.<\/p>\t\t\t\t\t\t\t\t<\/div>\n\t\t\t\t<\/div>\n\t\t\t\t\t<\/div>\n\t\t\t\t<\/div>\n\t\t\t\t<\/div>\n\t\t","protected":false},"excerpt":{"rendered":"<p>Nos Mentions L\u00e9gales \u00c9diteur du Site Nom de la soci\u00e9t\u00e9 : STEMA-FOUJOLSForme juridique : SARL UnipersonnelleCapital social : 25 900,00\u20acSi\u00e8ge social : 662 Rue des Jonch\u00e8res, 69730 GenayImmatriculation : Lyon B 412 782 344Num\u00e9ro de TVA intracommunautaire : FR36412782344T\u00e9l\u00e9phone : 04 72 65 34 25Email : smargall@stemassurances.com Responsable de la Publication Nom du responsable : [&hellip;]<\/p>\n","protected":false},"author":3,"featured_media":0,"parent":0,"menu_order":0,"comment_status":"closed","ping_status":"closed","template":"","meta":{"ocean_post_layout":"","ocean_both_sidebars_style":"","ocean_both_sidebars_content_width":0,"ocean_both_sidebars_sidebars_width":0,"ocean_sidebar":"","ocean_second_sidebar":"","ocean_disable_margins":"enable","ocean_add_body_class":"","ocean_shortcode_before_top_bar":"","ocean_shortcode_after_top_bar":"","ocean_shortcode_before_header":"","ocean_shortcode_after_header":"","ocean_has_shortcode":"","ocean_shortcode_after_title":"","ocean_shortcode_before_footer_widgets":"","ocean_shortcode_after_footer_widgets":"","ocean_shortcode_before_footer_bottom":"","ocean_shortcode_after_footer_bottom":"","ocean_display_top_bar":"default","ocean_display_header":"default","ocean_header_style":"","ocean_center_header_left_menu":"","ocean_custom_header_template":"","ocean_custom_logo":0,"ocean_custom_retina_logo":0,"ocean_custom_logo_max_width":0,"ocean_custom_logo_tablet_max_width":0,"ocean_custom_logo_mobile_max_width":0,"ocean_custom_logo_max_height":0,"ocean_custom_logo_tablet_max_height":0,"ocean_custom_logo_mobile_max_height":0,"ocean_header_custom_menu":"","ocean_menu_typo_font_family":"","ocean_menu_typo_font_subset":"","ocean_menu_typo_font_size":0,"ocean_menu_typo_font_size_tablet":0,"ocean_menu_typo_font_size_mobile":0,"ocean_menu_typo_font_size_unit":"px","ocean_menu_typo_font_weight":"","ocean_menu_typo_font_weight_tablet":"","ocean_menu_typo_font_weight_mobile":"","ocean_menu_typo_transform":"","ocean_menu_typo_transform_tablet":"","ocean_menu_typo_transform_mobile":"","ocean_menu_typo_line_height":0,"ocean_menu_typo_line_height_tablet":0,"ocean_menu_typo_line_height_mobile":0,"ocean_menu_typo_line_height_unit":"","ocean_menu_typo_spacing":0,"ocean_menu_typo_spacing_tablet":0,"ocean_menu_typo_spacing_mobile":0,"ocean_menu_typo_spacing_unit":"","ocean_menu_link_color":"","ocean_menu_link_color_hover":"","ocean_menu_link_color_active":"","ocean_menu_link_background":"","ocean_menu_link_hover_background":"","ocean_menu_link_active_background":"","ocean_menu_social_links_bg":"","ocean_menu_social_hover_links_bg":"","ocean_menu_social_links_color":"","ocean_menu_social_hover_links_color":"","ocean_disable_title":"default","ocean_disable_heading":"default","ocean_post_title":"","ocean_post_subheading":"","ocean_post_title_style":"","ocean_post_title_background_color":"","ocean_post_title_background":0,"ocean_post_title_bg_image_position":"","ocean_post_title_bg_image_attachment":"","ocean_post_title_bg_image_repeat":"","ocean_post_title_bg_image_size":"","ocean_post_title_height":0,"ocean_post_title_bg_overlay":0.5,"ocean_post_title_bg_overlay_color":"","ocean_disable_breadcrumbs":"default","ocean_breadcrumbs_color":"","ocean_breadcrumbs_separator_color":"","ocean_breadcrumbs_links_color":"","ocean_breadcrumbs_links_hover_color":"","ocean_display_footer_widgets":"default","ocean_display_footer_bottom":"default","ocean_custom_footer_template":"","footnotes":""},"class_list":["post-127","page","type-page","status-publish","hentry","entry"],"yoast_head":"<!-- This site is optimized with the Yoast SEO plugin v27.4 - https:\/\/yoast.com\/product\/yoast-seo-wordpress\/ -->\n<title>Mentions L\u00e9gales - Hipp Harmony<\/title>\n<meta name=\"robots\" content=\"index, follow, max-snippet:-1, max-image-preview:large, max-video-preview:-1\" \/>\n<link rel=\"canonical\" href=\"https:\/\/hippharmony.fr\/index.php\/mentions-legales\/\" \/>\n<meta property=\"og:locale\" content=\"fr_FR\" \/>\n<meta property=\"og:type\" content=\"article\" \/>\n<meta property=\"og:title\" content=\"Mentions L\u00e9gales - Hipp Harmony\" \/>\n<meta property=\"og:description\" content=\"Nos Mentions L\u00e9gales \u00c9diteur du Site Nom de la soci\u00e9t\u00e9 : STEMA-FOUJOLSForme juridique : SARL UnipersonnelleCapital social : 25 900,00\u20acSi\u00e8ge social : 662 Rue des Jonch\u00e8res, 69730 GenayImmatriculation : Lyon B 412 782 344Num\u00e9ro de TVA intracommunautaire : FR36412782344T\u00e9l\u00e9phone : 04 72 65 34 25Email : smargall@stemassurances.com Responsable de la Publication Nom du responsable : [&hellip;]\" \/>\n<meta property=\"og:url\" content=\"https:\/\/hippharmony.fr\/index.php\/mentions-legales\/\" \/>\n<meta property=\"og:site_name\" content=\"Hipp Harmony\" \/>\n<meta property=\"article:modified_time\" content=\"2024-07-30T14:52:11+00:00\" \/>\n<meta name=\"twitter:card\" content=\"summary_large_image\" \/>\n<meta name=\"twitter:label1\" content=\"Dur\u00e9e de lecture estim\u00e9e\" \/>\n\t<meta name=\"twitter:data1\" content=\"3 minutes\" \/>\n<script type=\"application\/ld+json\" class=\"yoast-schema-graph\">{\"@context\":\"https:\\\/\\\/schema.org\",\"@graph\":[{\"@type\":\"WebPage\",\"@id\":\"https:\\\/\\\/hippharmony.fr\\\/index.php\\\/mentions-legales\\\/\",\"url\":\"https:\\\/\\\/hippharmony.fr\\\/index.php\\\/mentions-legales\\\/\",\"name\":\"Mentions L\u00e9gales - Hipp Harmony\",\"isPartOf\":{\"@id\":\"https:\\\/\\\/hippharmony.fr\\\/#website\"},\"datePublished\":\"2024-07-30T13:52:55+00:00\",\"dateModified\":\"2024-07-30T14:52:11+00:00\",\"breadcrumb\":{\"@id\":\"https:\\\/\\\/hippharmony.fr\\\/index.php\\\/mentions-legales\\\/#breadcrumb\"},\"inLanguage\":\"fr-FR\",\"potentialAction\":[{\"@type\":\"ReadAction\",\"target\":[\"https:\\\/\\\/hippharmony.fr\\\/index.php\\\/mentions-legales\\\/\"]}]},{\"@type\":\"BreadcrumbList\",\"@id\":\"https:\\\/\\\/hippharmony.fr\\\/index.php\\\/mentions-legales\\\/#breadcrumb\",\"itemListElement\":[{\"@type\":\"ListItem\",\"position\":1,\"name\":\"Accueil\",\"item\":\"https:\\\/\\\/hippharmony.fr\\\/\"},{\"@type\":\"ListItem\",\"position\":2,\"name\":\"Mentions L\u00e9gales\"}]},{\"@type\":\"WebSite\",\"@id\":\"https:\\\/\\\/hippharmony.fr\\\/#website\",\"url\":\"https:\\\/\\\/hippharmony.fr\\\/\",\"name\":\"Hipp Harmony\",\"description\":\"Comportementaliste Equin\",\"publisher\":{\"@id\":\"https:\\\/\\\/hippharmony.fr\\\/#organization\"},\"potentialAction\":[{\"@type\":\"SearchAction\",\"target\":{\"@type\":\"EntryPoint\",\"urlTemplate\":\"https:\\\/\\\/hippharmony.fr\\\/?s={search_term_string}\"},\"query-input\":{\"@type\":\"PropertyValueSpecification\",\"valueRequired\":true,\"valueName\":\"search_term_string\"}}],\"inLanguage\":\"fr-FR\"},{\"@type\":\"Organization\",\"@id\":\"https:\\\/\\\/hippharmony.fr\\\/#organization\",\"name\":\"Hipp Harmony\",\"url\":\"https:\\\/\\\/hippharmony.fr\\\/\",\"logo\":{\"@type\":\"ImageObject\",\"inLanguage\":\"fr-FR\",\"@id\":\"https:\\\/\\\/hippharmony.fr\\\/#\\\/schema\\\/logo\\\/image\\\/\",\"url\":\"https:\\\/\\\/hippharmony.fr\\\/wp-content\\\/uploads\\\/2024\\\/07\\\/cropped-HippHarmony-2.png\",\"contentUrl\":\"https:\\\/\\\/hippharmony.fr\\\/wp-content\\\/uploads\\\/2024\\\/07\\\/cropped-HippHarmony-2.png\",\"width\":500,\"height\":434,\"caption\":\"Hipp Harmony\"},\"image\":{\"@id\":\"https:\\\/\\\/hippharmony.fr\\\/#\\\/schema\\\/logo\\\/image\\\/\"},\"sameAs\":[\"https:\\\/\\\/www.instagram.com\\\/hipp_harmony\\\/\"]}]}<\/script>\n<!-- \/ Yoast SEO plugin. -->","yoast_head_json":{"title":"Mentions L\u00e9gales - Hipp Harmony","robots":{"index":"index","follow":"follow","max-snippet":"max-snippet:-1","max-image-preview":"max-image-preview:large","max-video-preview":"max-video-preview:-1"},"canonical":"https:\/\/hippharmony.fr\/index.php\/mentions-legales\/","og_locale":"fr_FR","og_type":"article","og_title":"Mentions L\u00e9gales - Hipp Harmony","og_description":"Nos Mentions L\u00e9gales \u00c9diteur du Site Nom de la soci\u00e9t\u00e9 : STEMA-FOUJOLSForme juridique : SARL UnipersonnelleCapital social : 25 900,00\u20acSi\u00e8ge social : 662 Rue des Jonch\u00e8res, 69730 GenayImmatriculation : Lyon B 412 782 344Num\u00e9ro de TVA intracommunautaire : FR36412782344T\u00e9l\u00e9phone : 04 72 65 34 25Email : smargall@stemassurances.com Responsable de la Publication Nom du responsable : [&hellip;]","og_url":"https:\/\/hippharmony.fr\/index.php\/mentions-legales\/","og_site_name":"Hipp Harmony","article_modified_time":"2024-07-30T14:52:11+00:00","twitter_card":"summary_large_image","twitter_misc":{"Dur\u00e9e de lecture estim\u00e9e":"3 minutes"},"schema":{"@context":"https:\/\/schema.org","@graph":[{"@type":"WebPage","@id":"https:\/\/hippharmony.fr\/index.php\/mentions-legales\/","url":"https:\/\/hippharmony.fr\/index.php\/mentions-legales\/","name":"Mentions L\u00e9gales - Hipp Harmony","isPartOf":{"@id":"https:\/\/hippharmony.fr\/#website"},"datePublished":"2024-07-30T13:52:55+00:00","dateModified":"2024-07-30T14:52:11+00:00","breadcrumb":{"@id":"https:\/\/hippharmony.fr\/index.php\/mentions-legales\/#breadcrumb"},"inLanguage":"fr-FR","potentialAction":[{"@type":"ReadAction","target":["https:\/\/hippharmony.fr\/index.php\/mentions-legales\/"]}]},{"@type":"BreadcrumbList","@id":"https:\/\/hippharmony.fr\/index.php\/mentions-legales\/#breadcrumb","itemListElement":[{"@type":"ListItem","position":1,"name":"Accueil","item":"https:\/\/hippharmony.fr\/"},{"@type":"ListItem","position":2,"name":"Mentions L\u00e9gales"}]},{"@type":"WebSite","@id":"https:\/\/hippharmony.fr\/#website","url":"https:\/\/hippharmony.fr\/","name":"Hipp Harmony","description":"Comportementaliste Equin","publisher":{"@id":"https:\/\/hippharmony.fr\/#organization"},"potentialAction":[{"@type":"SearchAction","target":{"@type":"EntryPoint","urlTemplate":"https:\/\/hippharmony.fr\/?s={search_term_string}"},"query-input":{"@type":"PropertyValueSpecification","valueRequired":true,"valueName":"search_term_string"}}],"inLanguage":"fr-FR"},{"@type":"Organization","@id":"https:\/\/hippharmony.fr\/#organization","name":"Hipp Harmony","url":"https:\/\/hippharmony.fr\/","logo":{"@type":"ImageObject","inLanguage":"fr-FR","@id":"https:\/\/hippharmony.fr\/#\/schema\/logo\/image\/","url":"https:\/\/hippharmony.fr\/wp-content\/uploads\/2024\/07\/cropped-HippHarmony-2.png","contentUrl":"https:\/\/hippharmony.fr\/wp-content\/uploads\/2024\/07\/cropped-HippHarmony-2.png","width":500,"height":434,"caption":"Hipp Harmony"},"image":{"@id":"https:\/\/hippharmony.fr\/#\/schema\/logo\/image\/"},"sameAs":["https:\/\/www.instagram.com\/hipp_harmony\/"]}]}},"_links":{"self":[{"href":"https:\/\/hippharmony.fr\/index.php\/wp-json\/wp\/v2\/pages\/127","targetHints":{"allow":["GET"]}}],"collection":[{"href":"https:\/\/hippharmony.fr\/index.php\/wp-json\/wp\/v2\/pages"}],"about":[{"href":"https:\/\/hippharmony.fr\/index.php\/wp-json\/wp\/v2\/types\/page"}],"author":[{"embeddable":true,"href":"https:\/\/hippharmony.fr\/index.php\/wp-json\/wp\/v2\/users\/3"}],"replies":[{"embeddable":true,"href":"https:\/\/hippharmony.fr\/index.php\/wp-json\/wp\/v2\/comments?post=127"}],"version-history":[{"count":10,"href":"https:\/\/hippharmony.fr\/index.php\/wp-json\/wp\/v2\/pages\/127\/revisions"}],"predecessor-version":[{"id":178,"href":"https:\/\/hippharmony.fr\/index.php\/wp-json\/wp\/v2\/pages\/127\/revisions\/178"}],"wp:attachment":[{"href":"https:\/\/hippharmony.fr\/index.php\/wp-json\/wp\/v2\/media?parent=127"}],"curies":[{"name":"wp","href":"https:\/\/api.w.org\/{rel}","templated":true}]}}